{"id":37,"date":"2023-12-14T14:18:59","date_gmt":"2023-12-14T14:18:59","guid":{"rendered":"https:\/\/encore.mruni.eu\/?page_id=37"},"modified":"2024-06-14T10:54:38","modified_gmt":"2024-06-14T10:54:38","slug":"presentations-at-conferences","status":"publish","type":"page","link":"https:\/\/encore.mruni.eu\/?page_id=37","title":{"rendered":"Presentations at Conferences"},"content":{"rendered":"\n<p><strong>27th Biennial Meeting of the International Society for the Study of Behavioural Development (ISSBD)<\/strong><\/p>\n\n\n\n<div class=\"wp-block-file\"><a id=\"wp-block-file--media-8e0661fa-e9fd-44e7-bb92-d0a39485662f\" href=\"https:\/\/encore.mruni.eu\/wp-content\/uploads\/2024\/06\/ISSBD-program.pdf\" target=\"_blank\" rel=\"noreferrer noopener\">ISSBD-program<\/a><\/div>\n\n\n\n<p>A. Bakaityt\u0117, R.\u00a0 \u017dukauskien\u0117, A. Balund\u0117. Moderating Role of Support in the Relationship Between Environmental Risk Perception and Eco-Anxiety.\u00a0<em>27th Biennial Meeting of the International Society for the Study of Behavioural Development<\/em>\u00a0(<a href=\"https:\/\/issbd.org\/\" target=\"_blank\" rel=\"noreferrer noopener\">ISSBD<\/a>),\u00a0June 16 \u2013 20, 2024,\u00a0Lisbon, Portugal.<\/p>\n\n\n\n<p>R. \u017dukauskien\u0117, A. Balund\u0117, A. Bakaityt\u0117. Ecological Anxiety and Pro-environmental Behavior: The Role of Emotional Response.\u00a0<em>27th Biennial Meeting of the International Society for the Study of Behavioural Development<\/em>\u00a0(<a href=\"https:\/\/issbd.org\/\" target=\"_blank\" rel=\"noreferrer noopener\">ISSBD<\/a>),\u00a0June 16 \u2013 20, 2024,\u00a0Lisbon, Portugal.<\/p>\n\n\n\n<p>A. Balund\u0117 , A. Bakaityt\u0117, R.\u00a0 \u017dukauskien\u0117. (2024).\u00a0 Is A Problem Shared Truly A Problem Halved? Exploring The Role Of Communication With Others For Resilient Emotional Responses To Environmental Crisis.\u00a0<em>27th Biennial Meeting of the International Society for the Study of Behavioural Development<\/em>\u00a0(<a href=\"https:\/\/issbd.org\/\" target=\"_blank\" rel=\"noreferrer noopener\">ISSBD<\/a>),\u00a0June 16 \u2013 20, 2024,\u00a0Lisbon, Portugal.<\/p>\n\n\n\n<p><strong>28th International Association People-Environment Studies Conference (IAPS)<\/strong><\/p>\n\n\n\n<div class=\"wp-block-file\"><a id=\"wp-block-file--media-56046499-fce3-4cb8-be71-357ce810fda4\" href=\"https:\/\/encore.mruni.eu\/wp-content\/uploads\/2024\/06\/IAPS-program.pdf\" target=\"_blank\" rel=\"noreferrer noopener\">IAPS-program<\/a><\/div>\n\n\n\n<p>Balund\u0117, A., Bakaityt\u0117, A., &amp; \u017dukauskien\u0117, R. The Prevalence of Eco-Emotions Among Adults in Lithuania. Presented at <em>28th International Association People-Environment Studies Conference<\/em>, July 2-5, 2024, Barcelona, Spain.<\/p>\n\n\n\n<p><strong>Lietuvos psicholog\u0173 kongeresas<\/strong><\/p>\n\n\n\n<div class=\"wp-block-file\"><a id=\"wp-block-file--media-225d6508-eebe-4155-9bbb-e27be224d850\" href=\"https:\/\/encore.mruni.eu\/wp-content\/uploads\/2024\/06\/LPK2024-PROGRAMA.pdf\" target=\"_blank\" rel=\"noreferrer noopener\">LPK2024-PROGRAMA<\/a><\/div>\n\n\n\n<p>Bakaityt\u0117, A., \u017dukauskien\u0117, R., Balund\u0117, A. Suvokiamos rizikos d\u0117l klimato kaitos s\u0105sajos su ekologiniu nerimu, depresija ir noru susilaukti vaik\u0173. <em>Lietuvos psicholog\u0173 kongeresas<\/em>, 2024 04 26-27, Klaip\u0117da, Lithuania.<\/p>\n\n\n\n<p>Balund\u0117, A., Bakaityt\u0117, A., \u017dukauskien\u0117, R. Senas vynas naujose statin\u0117se? Ekologinis nerimas, jo prie\u017eastys ir \u012fveikimo b\u016bdai. <em>Lietuvos psicholog\u0173 kongeresas<\/em>, 2024 04 26-27, Klaip\u0117da, Lithuania.<\/p>\n\n\n\n<p>Balund\u0117, A., \u017dukauskien\u0117, R., Bakaityt\u0117, A. Projekto pristatymas: ENCORE_Visuomen\u0117s atsparumo \u012fgalinimas atskleid\u017eiant ekologinio nerimo ir aplinkai palankaus vartojimo ry\u0161io mechanizm\u0105. <em>Lietuvos psicholog\u0173 kongeresas<\/em>, 2024 04 26-27, Klaip\u0117da, Lithuania.<\/p>\n","protected":false},"excerpt":{"rendered":"<p>27th Biennial Meeting of the International Society for the Study of Behavioural Development (ISSBD) A. Bakaityt\u0117, R.\u00a0 \u017dukauskien\u0117, A. Balund\u0117. Moderating Role of Support in the Relationship Between Environmental Risk Perception and Eco-Anxiety.\u00a027th Biennial Meeting of the International Society for the Study of Behavioural Development\u00a0(ISSBD),\u00a0June 16 \u2013 20, 2024,\u00a0Lisbon, Portugal. R. \u017dukauskien\u0117, A. Balund\u0117, A. &hellip; <\/p>\n<p class=\"link-more\"><a href=\"https:\/\/encore.mruni.eu\/?page_id=37\" class=\"more-link\">Continue reading<span class=\"screen-reader-text\"> &#8220;Presentations at Conferences&#8221;<\/span><\/a><\/p>\n","protected":false},"author":2,"featured_media":0,"parent":0,"menu_order":0,"comment_status":"closed","ping_status":"closed","template":"","meta":{"footnotes":""},"class_list":["post-37","page","type-page","status-publish","hentry"],"_links":{"self":[{"href":"https:\/\/encore.mruni.eu\/index.php?rest_route=\/wp\/v2\/pages\/37","targetHints":{"allow":["GET"]}}],"collection":[{"href":"https:\/\/encore.mruni.eu\/index.php?rest_route=\/wp\/v2\/pages"}],"about":[{"href":"https:\/\/encore.mruni.eu\/index.php?rest_route=\/wp\/v2\/types\/page"}],"author":[{"embeddable":true,"href":"https:\/\/encore.mruni.eu\/index.php?rest_route=\/wp\/v2\/users\/2"}],"replies":[{"embeddable":true,"href":"https:\/\/encore.mruni.eu\/index.php?rest_route=%2Fwp%2Fv2%2Fcomments&post=37"}],"version-history":[{"count":5,"href":"https:\/\/encore.mruni.eu\/index.php?rest_route=\/wp\/v2\/pages\/37\/revisions"}],"predecessor-version":[{"id":103,"href":"https:\/\/encore.mruni.eu\/index.php?rest_route=\/wp\/v2\/pages\/37\/revisions\/103"}],"wp:attachment":[{"href":"https:\/\/encore.mruni.eu\/index.php?rest_route=%2Fwp%2Fv2%2Fmedia&parent=37"}],"curies":[{"name":"wp","href":"https:\/\/api.w.org\/{rel}","templated":true}]}}