{"id":44,"date":"2023-12-14T14:21:39","date_gmt":"2023-12-14T14:21:39","guid":{"rendered":"https:\/\/encore.mruni.eu\/?page_id=44"},"modified":"2024-06-14T10:40:20","modified_gmt":"2024-06-14T10:40:20","slug":"press-releases","status":"publish","type":"page","link":"https:\/\/encore.mruni.eu\/?page_id=44","title":{"rendered":"Press releases"},"content":{"rendered":"\n<p><\/p>\n\n\n\n<p><a href=\"https:\/\/sc.bns.lt\/view\/item\/478166\">Startavo tyrimas apie ekologinio nerimo paplitim\u0105 Lietuvoje: komentuoja MRU psicholog\u0117s<\/a><\/p>\n\n\n\n<p><a href=\"https:\/\/www.delfi.lt\/tvarilietuva\/visuomene\/ivardijo-priezasti-kuri-slopina-nora-susilaukti-vaiku-baiminasi-kad-auganti-gresme-paveiks-atzalu-gyvenima-96527727\">\u012evardijo prie\u017east\u012f, kuri slopina nor\u0105 susilaukti vaik\u0173: baiminasi, kad auganti gr\u0117sm\u0117 paveiks at\u017eal\u0173 gyvenim\u0105<\/a><\/p>\n","protected":false},"excerpt":{"rendered":"<p>Startavo tyrimas apie ekologinio nerimo paplitim\u0105 Lietuvoje: komentuoja MRU psicholog\u0117s \u012evardijo prie\u017east\u012f, kuri slopina nor\u0105 susilaukti vaik\u0173: baiminasi, kad auganti gr\u0117sm\u0117 paveiks at\u017eal\u0173 gyvenim\u0105<\/p>\n","protected":false},"author":2,"featured_media":0,"parent":0,"menu_order":0,"comment_status":"closed","ping_status":"closed","template":"","meta":{"footnotes":""},"class_list":["post-44","page","type-page","status-publish","hentry"],"_links":{"self":[{"href":"https:\/\/encore.mruni.eu\/index.php?rest_route=\/wp\/v2\/pages\/44","targetHints":{"allow":["GET"]}}],"collection":[{"href":"https:\/\/encore.mruni.eu\/index.php?rest_route=\/wp\/v2\/pages"}],"about":[{"href":"https:\/\/encore.mruni.eu\/index.php?rest_route=\/wp\/v2\/types\/page"}],"author":[{"embeddable":true,"href":"https:\/\/encore.mruni.eu\/index.php?rest_route=\/wp\/v2\/users\/2"}],"replies":[{"embeddable":true,"href":"https:\/\/encore.mruni.eu\/index.php?rest_route=%2Fwp%2Fv2%2Fcomments&post=44"}],"version-history":[{"count":2,"href":"https:\/\/encore.mruni.eu\/index.php?rest_route=\/wp\/v2\/pages\/44\/revisions"}],"predecessor-version":[{"id":93,"href":"https:\/\/encore.mruni.eu\/index.php?rest_route=\/wp\/v2\/pages\/44\/revisions\/93"}],"wp:attachment":[{"href":"https:\/\/encore.mruni.eu\/index.php?rest_route=%2Fwp%2Fv2%2Fmedia&parent=44"}],"curies":[{"name":"wp","href":"https:\/\/api.w.org\/{rel}","templated":true}]}}