{"id":48,"date":"2023-12-14T14:28:31","date_gmt":"2023-12-14T14:28:31","guid":{"rendered":"https:\/\/encore.mruni.eu\/?page_id=48"},"modified":"2023-12-14T14:28:31","modified_gmt":"2023-12-14T14:28:31","slug":"informacija-lietuviskai","status":"publish","type":"page","link":"https:\/\/encore.mruni.eu\/?page_id=48","title":{"rendered":"Informacija lietuvi\u0161kai"},"content":{"rendered":"\n<p><strong>Apie projekt\u0105<\/strong><\/p>\n\n\n\n<p>ENCORE projektas skirtas vis aktualesnei ekologin\u0117s kriz\u0117s temai, atskleid\u017eiant emocin\u012f atsak\u0105 \u012f j\u0105 tiek bendroje Lietuvos populiacijoje, tiek i\u0161skirtinai jaunimo tarpe. Konkre\u010diau, tyrimo tikslas yra \u012fgalinti visuomen\u0117s atsparum\u0105 atskleid\u017eiant ekologinio nerimo ir aplinkai palankaus vartojimo ry\u0161io mechanizm\u0105. Siekiant \u0161io tikslo planuojama sudaryti dvi imtis:(1) reprezentatyvi\u0105 Lietuvos gyventoj\u0173 imt\u012f ir (2) patogi\u0105j\u0105 jaun\u0173 suaugusi\u0173j\u0173 (18-29 met\u0173) asmen\u0173 imt\u012f. <\/p>\n\n\n\n<p>Reprezentatyvios Lietuvos gyventoj\u0173 imties tyrime sieksime i\u0161siai\u0161kinti ekologinio nerimo paplitim\u0105 ir i\u0161reik\u0161tum\u0105 Lietuvoje. Jaun\u0173j\u0173 suaugusi\u0173j\u0173 asmen\u0173 imtyje analizuosime per kokius mechanizmus ekologinis nerimas (de)motyvuoja \u012f ekologin\u0117s kriz\u0117s \u0161velninim\u0105 nukreiptus elgesius, tokius kaip aplinkai palankus vartojimas. <\/p>\n\n\n\n<p>Analizuosime asmenini\u0173 (pvz., vertyb\u0117s, atsparumas, \u012fveikos strategijos), tarpasmenini\u0173 (pvz., socialin\u0117s normos, parama) bei ekonomini\u0173 ir demografini\u0173 (pvz., lytis, am\u017eius, finansin\u0117 pad\u0117tis) veiksni\u0173 s\u0105sajas su ekologiniu nerimu ir aplinkai palankiu vartojimu. \u0160i\u0173 veiksni\u0173 analiz\u0117 pad\u0117s atskleisti mechanizmus, kuriais pasirei\u0161kia ekologinis nerimas ir kaip jis (de)motyvuoja aplinkai palank\u0173 vartojim\u0105. Tyrimas suteiks unikali\u0173, b\u016btent Lietuvos kontekstui aktuali\u0173, \u017eini\u0173. <\/p>\n","protected":false},"excerpt":{"rendered":"<p>Apie projekt\u0105 ENCORE projektas skirtas vis aktualesnei ekologin\u0117s kriz\u0117s temai, atskleid\u017eiant emocin\u012f atsak\u0105 \u012f j\u0105 tiek bendroje Lietuvos populiacijoje, tiek i\u0161skirtinai jaunimo tarpe. Konkre\u010diau, tyrimo tikslas yra \u012fgalinti visuomen\u0117s atsparum\u0105 atskleid\u017eiant ekologinio nerimo ir aplinkai palankaus vartojimo ry\u0161io mechanizm\u0105. Siekiant \u0161io tikslo planuojama sudaryti dvi imtis:(1) reprezentatyvi\u0105 Lietuvos gyventoj\u0173 imt\u012f ir (2) patogi\u0105j\u0105 jaun\u0173 suaugusi\u0173j\u0173 &hellip; <\/p>\n<p class=\"link-more\"><a href=\"https:\/\/encore.mruni.eu\/?page_id=48\" class=\"more-link\">Continue reading<span class=\"screen-reader-text\"> &#8220;Informacija lietuvi\u0161kai&#8221;<\/span><\/a><\/p>\n","protected":false},"author":2,"featured_media":0,"parent":0,"menu_order":0,"comment_status":"closed","ping_status":"closed","template":"","meta":{"footnotes":""},"class_list":["post-48","page","type-page","status-publish","hentry"],"_links":{"self":[{"href":"https:\/\/encore.mruni.eu\/index.php?rest_route=\/wp\/v2\/pages\/48","targetHints":{"allow":["GET"]}}],"collection":[{"href":"https:\/\/encore.mruni.eu\/index.php?rest_route=\/wp\/v2\/pages"}],"about":[{"href":"https:\/\/encore.mruni.eu\/index.php?rest_route=\/wp\/v2\/types\/page"}],"author":[{"embeddable":true,"href":"https:\/\/encore.mruni.eu\/index.php?rest_route=\/wp\/v2\/users\/2"}],"replies":[{"embeddable":true,"href":"https:\/\/encore.mruni.eu\/index.php?rest_route=%2Fwp%2Fv2%2Fcomments&post=48"}],"version-history":[{"count":1,"href":"https:\/\/encore.mruni.eu\/index.php?rest_route=\/wp\/v2\/pages\/48\/revisions"}],"predecessor-version":[{"id":50,"href":"https:\/\/encore.mruni.eu\/index.php?rest_route=\/wp\/v2\/pages\/48\/revisions\/50"}],"wp:attachment":[{"href":"https:\/\/encore.mruni.eu\/index.php?rest_route=%2Fwp%2Fv2%2Fmedia&parent=48"}],"curies":[{"name":"wp","href":"https:\/\/api.w.org\/{rel}","templated":true}]}}